{"id":6,"date":"2025-11-25T14:31:03","date_gmt":"2025-11-25T20:31:03","guid":{"rendered":"https:\/\/elmezquite.directorio-comercial.com\/?page_id=6"},"modified":"2025-12-04T02:50:46","modified_gmt":"2025-12-04T08:50:46","slug":"inicio","status":"publish","type":"page","link":"https:\/\/elmezquite.directorio-comercial.com\/","title":{"rendered":"Inicio"},"content":{"rendered":"\n<div class=\"wp-block-columns alignfull is-layout-flex wp-container-core-columns-is-layout-28f84493 wp-block-columns-is-layout-flex\">\n<div class=\"wp-block-column is-layout-flow wp-block-column-is-layout-flow\" style=\"flex-basis:5%\"><\/div>\n\n\n\n<div class=\"wp-block-column is-layout-flow wp-block-column-is-layout-flow\" style=\"flex-basis:90%\">\n<div class=\"gb-element-f5df6724 alignwide\">\n<img loading=\"lazy\" decoding=\"async\" width=\"2048\" height=\"1152\" data-media-id=\"8\" class=\"gb-media-9df52e20\" alt=\"\" src=\"https:\/\/elmezquite.directorio-comercial.com\/wp-content\/uploads\/2025\/11\/poster.jpg\" title=\"poster\" srcset=\"https:\/\/elmezquite.directorio-comercial.com\/wp-content\/uploads\/2025\/11\/poster.jpg 2048w, https:\/\/elmezquite.directorio-comercial.com\/wp-content\/uploads\/2025\/11\/poster-300x169.jpg 300w, https:\/\/elmezquite.directorio-comercial.com\/wp-content\/uploads\/2025\/11\/poster-1024x576.jpg 1024w, https:\/\/elmezquite.directorio-comercial.com\/wp-content\/uploads\/2025\/11\/poster-768x432.jpg 768w, https:\/\/elmezquite.directorio-comercial.com\/wp-content\/uploads\/2025\/11\/poster-1536x864.jpg 1536w\" sizes=\"auto, (max-width: 2048px) 100vw, 2048px\" \/>\n<\/div>\n<\/div>\n\n\n\n<div class=\"wp-block-column is-layout-flow wp-block-column-is-layout-flow\" style=\"flex-basis:5%\"><\/div>\n<\/div>\n\n\n\n<div class=\"wp-block-group alignwide has-global-padding is-layout-constrained wp-container-core-group-is-layout-e24ba97a wp-block-group-is-layout-constrained\">\n<div class=\"wp-block-columns alignfull has-background is-layout-flex wp-container-core-columns-is-layout-f0342b05 wp-block-columns-is-layout-flex\" style=\"background-color:#fff3e0;margin-top:0;margin-bottom:0\">\n<div class=\"wp-block-column is-layout-flow wp-block-column-is-layout-flow\" style=\"flex-basis:33.33%\">\n<h2 class=\"wp-block-heading has-text-align-center\">Conoce un poco de nosotros<\/h2>\n<\/div>\n\n\n\n<div class=\"wp-block-column is-layout-flow wp-block-column-is-layout-flow\" style=\"flex-basis:66.66%\">\n<p class=\"gb-text gb-text-af11e9e5\">El mezquite nace como una propuesta autentica de campo desde el a\u00f1o 2015, con el fin de alejarte de las propuestas de bares comunes, nos adentramos en un ambiente campirano para beber una cerveza o un preparado de mezcal bajo la sombra de un \u00e1rbol, con m\u00fasica  vers\u00e1til complacemos todos los gustos para el goce de los presentes<\/p>\n<\/div>\n<\/div>\n\n\n\n<div style=\"height:30px\" aria-hidden=\"true\" class=\"wp-block-spacer\"><\/div>\n\n\n\n<div class=\"wp-block-columns alignfull are-vertically-aligned-center has-background is-layout-flex wp-container-core-columns-is-layout-f732cb08 wp-block-columns-is-layout-flex\" style=\"background-color:#fff3e0;margin-top:0;margin-bottom:0\">\n<div class=\"wp-block-column is-vertically-aligned-center is-layout-flow wp-block-column-is-layout-flow\" style=\"flex-basis:33.33%\">\n<img loading=\"lazy\" decoding=\"async\" width=\"960\" height=\"1280\" data-media-id=\"15\" class=\"gb-media-a826b8d2\" alt=\"\" src=\"https:\/\/elmezquite.directorio-comercial.com\/wp-content\/uploads\/2025\/11\/4.jpg\" title=\"4\" srcset=\"https:\/\/elmezquite.directorio-comercial.com\/wp-content\/uploads\/2025\/11\/4.jpg 960w, https:\/\/elmezquite.directorio-comercial.com\/wp-content\/uploads\/2025\/11\/4-225x300.jpg 225w, https:\/\/elmezquite.directorio-comercial.com\/wp-content\/uploads\/2025\/11\/4-768x1024.jpg 768w\" sizes=\"auto, (max-width: 960px) 100vw, 960px\" \/>\n<\/div>\n\n\n\n<div class=\"wp-block-column is-vertically-aligned-center is-layout-flow wp-block-column-is-layout-flow\" style=\"flex-basis:66.66%\">\n<p class=\"gb-text gb-text-2b910517\">y ya entrados en ambiente, se antoja un tequila y tambi\u00e9n una tostada de mariscos, o un buen burrito seg\u00fan el hambre apriete, el tema fue tan bien recibido que nos fuimos a lo familiar para aquellos que quer\u00edan disfrutar de nuestros jardines lo compartieran tambi\u00e9n con sus peques contando con \u00e1rea infantil para el goce de chicos y grandes, siendo as\u00ed que unos buenos tragos ya sean con fin de relajar el cuerpo o para aquellos que se abstienen de alcohol gocen de bebidas aut\u00e9nticas que refrescan y\/o calientan el alma.<\/p>\n<\/div>\n<\/div>\n<\/div>\n\n\n\n<p><\/p>\n","protected":false},"excerpt":{"rendered":"<p>Conoce un poco de nosotros El mezquite nace como una propuesta autentica de campo desde el a\u00f1o 2015, con el fin de alejarte de las propuestas de bares comunes, nos adentramos en un ambiente campirano para beber una cerveza o un preparado de mezcal bajo la sombra de un \u00e1rbol, con m\u00fasica vers\u00e1til complacemos todos [&hellip;]<\/p>\n","protected":false},"author":1,"featured_media":0,"parent":0,"menu_order":0,"comment_status":"closed","ping_status":"closed","template":"page-no-title","meta":{"_acf_changed":false,"footnotes":""},"class_list":["post-6","page","type-page","status-publish","hentry"],"acf":[],"_links":{"self":[{"href":"https:\/\/elmezquite.directorio-comercial.com\/index.php?rest_route=\/wp\/v2\/pages\/6","targetHints":{"allow":["GET"]}}],"collection":[{"href":"https:\/\/elmezquite.directorio-comercial.com\/index.php?rest_route=\/wp\/v2\/pages"}],"about":[{"href":"https:\/\/elmezquite.directorio-comercial.com\/index.php?rest_route=\/wp\/v2\/types\/page"}],"author":[{"embeddable":true,"href":"https:\/\/elmezquite.directorio-comercial.com\/index.php?rest_route=\/wp\/v2\/users\/1"}],"replies":[{"embeddable":true,"href":"https:\/\/elmezquite.directorio-comercial.com\/index.php?rest_route=%2Fwp%2Fv2%2Fcomments&post=6"}],"version-history":[{"count":5,"href":"https:\/\/elmezquite.directorio-comercial.com\/index.php?rest_route=\/wp\/v2\/pages\/6\/revisions"}],"predecessor-version":[{"id":87,"href":"https:\/\/elmezquite.directorio-comercial.com\/index.php?rest_route=\/wp\/v2\/pages\/6\/revisions\/87"}],"wp:attachment":[{"href":"https:\/\/elmezquite.directorio-comercial.com\/index.php?rest_route=%2Fwp%2Fv2%2Fmedia&parent=6"}],"curies":[{"name":"wp","href":"https:\/\/api.w.org\/{rel}","templated":true}]}}